{"id":4682,"date":"2020-07-08T07:22:17","date_gmt":"2020-07-08T07:22:17","guid":{"rendered":"https:\/\/gabilaszinger.com\/?page_id=4682"},"modified":"2020-07-08T07:22:17","modified_gmt":"2020-07-08T07:22:17","slug":"impressum","status":"publish","type":"page","link":"https:\/\/gabilaszinger.com\/de\/impressum\/","title":{"rendered":"Impressum"},"content":{"rendered":"<div class=\"wpb-content-wrapper\"><p>[vc_row full_width=&#8220;stretch_row_content_no_spaces&#8220;][vc_column][vc_column_text]<div id=\"mc_embed_signup\" class=\"header__bottom\">\n\t<form action=\"https:\/\/gabriella-laszinger.us4.list-manage.com\/subscribe\/post?u=771ba1b5b46a2356c8b63f245&amp;id=3a25d9d214\" method=\"post\" id=\"mc-embedded-subscribe-form\" name=\"mc-embedded-subscribe-form\" class=\"validate header__bottom__container\" target=\"_blank\" novalidate>\n\t\t<div id=\"mc_embed_signup_scroll container_inner\">\n\t\t\t<div class=\"header__bottom__left\">\n\t\t\t  Tap into your most powerful tool - Download the E-Book \"Success starts today\"\n\t\t\t<\/div>\n\n\t\t\t<div class=\"header__bottom__right\">\n\t\t\t  <div class=\"opt-in-group\">\n\t\t\t  \t<input type=\"text\" value=\"\" name=\"FNAME\" class=\"opt-in__input\" id=\"mce-FNAME\" placeholder=\"Name\">\n\t\t\t  <\/div>\n\t\t\t  <div class=\"opt-in-group\">\n\t\t\t  \t<input type=\"email\" value=\"\" required name=\"EMAIL\" class=\"required email opt-in__input\" id=\"mce-EMAIL\" placeholder=\"Email\">\n\t\t\t  <\/div>\n\t\t\t  <input type=\"submit\" value=\"Submit\" name=\"subscribe\" id=\"mc-embedded-subscribe\" class=\"button opt-in__button qbutton qbutton-purple\">\n\t\t\t<\/div>\n\n\t\t\t<div id=\"mce-responses\" class=\"clear\">\n\t\t\t\t<div class=\"response\" id=\"mce-error-response\" style=\"display:none\"><\/div>\n\t\t\t\t<div class=\"response\" id=\"mce-success-response\" style=\"display:none\"><\/div>\n\t\t\t<\/div>\n\n\t\t  <div style=\"position: absolute; left: -5000px;\" aria-hidden=\"true\"><input type=\"text\" name=\"b_771ba1b5b46a2356c8b63f245_3a25d9d214\" tabindex=\"-1\" value=\"\"><\/div>\n\t\t  <div class=\"clear\">\n\t\t  <\/div>\n\t    <\/div>\n\t<\/form>\n<\/div>\n\t[\/vc_column_text][\/vc_column][\/vc_row][vc_row full_width=&#8220;stretch_row_content_no_spaces&#8220;][vc_column][cms_empty_space values=&#8220;%5B%7B%22screen_size%22%3A%226000%22%2C%22height%22%3A%2250%22%7D%5D&#8220;][\/vc_column][\/vc_row][vc_row][vc_column][vc_column_text]<\/p>\n<h2 class=\"font_2\">Angaben gem\u00e4\u00df \u00a7 5 TMG:<\/h2>\n<p class=\"font_8\">Gabriella Laszinger<\/p>\n<p class=\"font_8\">Bergstr. 20<\/p>\n<p class=\"font_8\">79787 Lauchringen<\/p>\n<h2><\/h2>\n<h2 class=\"font_2\">Kontakt:<\/h2>\n<p class=\"font_8\">Telefon: +49 (0) 77419656808<br \/>\nE-Mail: <a href=\"mailto:contact@gabriella-laszinger.de\" target=\"_blank\" rel=\"noopener noreferrer\">contact@gabriella-<wbr \/>laszinger.de<\/a><\/p>\n<h2 class=\"font_2\"><\/h2>\n<h2 class=\"font_2\">Verantwortlich f\u00fcr den Inhalt nach \u00a7 55<br \/>\nAbs. 2 RStV:<\/h2>\n<p class=\"font_8\">Gabriella Laszinger<\/p>\n<p class=\"font_8\">Bergstr.20<\/p>\n<p class=\"font_8\">79787 Lauchringen<\/p>\n<p class=\"font_8\"><span class=\"wixGuard\">\u200b<\/span>Webdesign:\u00a0<a href=\"http:\/\/www.w-design.de\/\" target=\"_blank\" rel=\"noopener noreferrer\" data-content=\"http:\/\/www.w-design.de\" data-type=\"external\">w.design, N\u00fcrnberg<\/a><\/p>\n<h2 class=\"font_2\"><\/h2>\n<h2 class=\"font_2\">Streitschlichtung<\/h2>\n<p class=\"font_8\">Die Europ\u00e4ische Kommission stellt eine Plattform zur Online- Streitbeilegung (OS) bereit:\u00a0<a href=\"https:\/\/ec.europa.eu\/consumers\/odr\" target=\"_blank\" rel=\"noopener noreferrer\" data-content=\"https:\/\/ec.europa.eu\/consumers\/odr\" data-type=\"external\">https:\/\/ec.europa.eu\/consumers\/odr<\/a><br \/>\nUnsere E-Mail-Adresse finden Sie oben im Impressum.<\/p>\n<p class=\"font_8\">Wir sind nicht bereit oder verpflichtet, an Streitbeilegungsverfahren vor einer Verbraucherschlichtungsstelle teilzunehmen.<\/p>\n<p class=\"font_8\">Verbraucher haben die M\u00f6glichkeit, diese Plattform f\u00fcr die Beilegung ihrer Streitigkeiten zu nutzen.<\/p>\n<p class=\"font_8\">Hinweis\u00a0gem\u00e4\u00df \u00a7 36 VSBG<\/p>\n<p class=\"font_8\">Wir werden nicht an alternativen Streitschlichtungsverfahren im Sinne des \u00a7 36 VSBG teilnehmen. Die Nutzung einer alternativen Schlichtungsstelle stellt keine zwingende Voraussetzung f\u00fcr das Anrufen zust\u00e4ndiger ordentlicher Gerichte dar.<\/p>\n<h2 class=\"font_2\"><\/h2>\n<h2 class=\"font_2\">Haftung f\u00fcr Inhalte<\/h2>\n<p class=\"font_8\">Als Diensteanbieter sind wir gem\u00e4\u00df \u00a7 7 Abs.1 TMG f\u00fcr eigene Inhalte auf diesen Seiten nach den allgemeinen Gesetzen verantwortlich. Nach \u00a7\u00a7 8 bis 10 TMG sind wir als Diensteanbieter jedoch nicht verpflichtet, \u00fcbermittelte oder gespeicherte fremde Informationen zu \u00fcberwachen oder nach Umst\u00e4nden zu forschen, die auf eine rechtswidrige T\u00e4tigkeit hinweisen.<\/p>\n<p class=\"font_8\">Verpflichtungen zur Entfernung oder Sperrung der Nutzung von Informationen nach den allgemeinen Gesetzen bleiben hiervon unber\u00fchrt. Eine diesbez\u00fcgliche Haftung ist jedoch erst ab dem Zeitpunkt der Kenntnis einer konkreten Rechtsverletzung m\u00f6glich. Bei Bekanntwerden von entsprechenden Rechtsverletzungen werden wir diese Inhalte umgehend entfernen.<\/p>\n<h2 class=\"font_2\"><\/h2>\n<h2 class=\"font_2\">Haftung f\u00fcr Links<\/h2>\n<p class=\"font_8\">Unser Angebot enth\u00e4lt Links zu externen Websites Dritter, auf deren Inhalte wir keinen Einfluss haben. Deshalb k\u00f6nnen wir f\u00fcr diese fremden Inhalte auch keine Gew\u00e4hr \u00fcbernehmen. F\u00fcr die Inhalte der verlinkten Seiten ist stets der jeweilige Anbieter oder Betreiber der Seiten verantwortlich. Die verlinkten Seiten wurden zum Zeitpunkt der Verlinkung auf m\u00f6gliche Rechtsverst\u00f6\u00dfe \u00fcberpr\u00fcft. Rechtswidrige Inhalte waren zum Zeitpunkt der Verlinkung nicht erkennbar.<\/p>\n<p class=\"font_8\">Eine permanente inhaltliche Kontrolle der verlinkten Seiten ist jedoch ohne konkrete Anhaltspunkte einer Rechtsverletzung nicht zumutbar. Bei Bekanntwerden von Rechtsverletzungen werden wir derartige Links umgehend entfernen.<\/p>\n<h2 class=\"font_2\"><\/h2>\n<h2 class=\"font_2\">Urheberrecht<\/h2>\n<p class=\"font_8\">Die durch die Seitenbetreiber erstellten Inhalte und Werke auf diesen Seiten unterliegen dem deutschen Urheberrecht. Die Vervielf\u00e4ltigung, Bearbeitung, Verbreitung und jede Art der Verwertung au\u00dferhalb der Grenzen des Urheberrechtes bed\u00fcrfen der schriftlichen Zustimmung des jeweiligen Autors bzw. Erstellers. Downloads und Kopien dieser Seite sind nur f\u00fcr den privaten, nicht kommerziellen Gebrauch gestattet.<\/p>\n<p class=\"font_8\">Soweit die Inhalte auf dieser Seite nicht vom Betreiber erstellt wurden, werden die Urheberrechte Dritter beachtet. Insbesondere werden Inhalte Dritter als solche gekennzeichnet. Sollten Sie trotzdem auf eine Urheberrechtsverletzung aufmerksam werden, bitten wir um einen entsprechenden Hinweis. Bei Bekanntwerden von Rechtsverletzungen werden wir derartige Inhalte umgehend entfernen.<\/p>\n<p>[\/vc_column_text][\/vc_column][\/vc_row]<\/p>\n<\/div>","protected":false},"excerpt":{"rendered":"<p>[vc_row full_width=&#8220;stretch_row_content_no_spaces&#8220;][vc_column][vc_column_text][\/vc_column_text][\/vc_column][\/vc_row][vc_row full_width=&#8220;stretch_row_content_no_spaces&#8220;][vc_column][cms_empty_space values=&#8220;%5B%7B%22screen_size%22%3A%226000%22%2C%22height%22%3A%2250%22%7D%5D&#8220;][\/vc_column][\/vc_row][vc_row][vc_column][vc_column_text] Angaben gem\u00e4\u00df \u00a7 5 TMG: Gabriella Laszinger Bergstr. 20 79787 Lauchringen Kontakt: Telefon: +49 (0) 77419656808 E-Mail: contact@gabriella-laszinger.de Verantwortlich f\u00fcr den Inhalt nach \u00a7 55 Abs. 2 RStV: Gabriella Laszinger Bergstr.20 79787 Lauchringen \u200bWebdesign:\u00a0w.design, N\u00fcrnberg Streitschlichtung Die Europ\u00e4ische Kommission stellt eine Plattform zur Online- Streitbeilegung (OS) bereit:\u00a0https:\/\/ec.europa.eu\/consumers\/odr Unsere E-Mail-Adresse finden Sie [&hellip;]<\/p>\n","protected":false},"author":4,"featured_media":0,"parent":0,"menu_order":0,"comment_status":"closed","ping_status":"closed","template":"","meta":{"footnotes":""},"class_list":["post-4682","page","type-page","status-publish","hentry","clearfix"],"_links":{"self":[{"href":"https:\/\/gabilaszinger.com\/de\/wp-json\/wp\/v2\/pages\/4682","targetHints":{"allow":["GET"]}}],"collection":[{"href":"https:\/\/gabilaszinger.com\/de\/wp-json\/wp\/v2\/pages"}],"about":[{"href":"https:\/\/gabilaszinger.com\/de\/wp-json\/wp\/v2\/types\/page"}],"author":[{"embeddable":true,"href":"https:\/\/gabilaszinger.com\/de\/wp-json\/wp\/v2\/users\/4"}],"replies":[{"embeddable":true,"href":"https:\/\/gabilaszinger.com\/de\/wp-json\/wp\/v2\/comments?post=4682"}],"version-history":[{"count":1,"href":"https:\/\/gabilaszinger.com\/de\/wp-json\/wp\/v2\/pages\/4682\/revisions"}],"predecessor-version":[{"id":4705,"href":"https:\/\/gabilaszinger.com\/de\/wp-json\/wp\/v2\/pages\/4682\/revisions\/4705"}],"wp:attachment":[{"href":"https:\/\/gabilaszinger.com\/de\/wp-json\/wp\/v2\/media?parent=4682"}],"curies":[{"name":"wp","href":"https:\/\/api.w.org\/{rel}","templated":true}]}}