{"id":4686,"date":"2020-07-08T07:24:42","date_gmt":"2020-07-08T07:24:42","guid":{"rendered":"https:\/\/gabilaszinger.com\/?page_id=4686"},"modified":"2020-07-08T07:31:33","modified_gmt":"2020-07-08T07:31:33","slug":"agbs","status":"publish","type":"page","link":"https:\/\/gabilaszinger.com\/de\/agbs\/","title":{"rendered":"AGBs"},"content":{"rendered":"<div class=\"wpb-content-wrapper\"><p>[vc_row full_width=&#8220;stretch_row_content_no_spaces&#8220;][vc_column][vc_column_text]<div id=\"mc_embed_signup\" class=\"header__bottom\">\n\t<form action=\"https:\/\/gabriella-laszinger.us4.list-manage.com\/subscribe\/post?u=771ba1b5b46a2356c8b63f245&amp;id=3a25d9d214\" method=\"post\" id=\"mc-embedded-subscribe-form\" name=\"mc-embedded-subscribe-form\" class=\"validate header__bottom__container\" target=\"_blank\" novalidate>\n\t\t<div id=\"mc_embed_signup_scroll container_inner\">\n\t\t\t<div class=\"header__bottom__left\">\n\t\t\t  Tap into your most powerful tool - Download the E-Book \"Success starts today\"\n\t\t\t<\/div>\n\n\t\t\t<div class=\"header__bottom__right\">\n\t\t\t  <div class=\"opt-in-group\">\n\t\t\t  \t<input type=\"text\" value=\"\" name=\"FNAME\" class=\"opt-in__input\" id=\"mce-FNAME\" placeholder=\"Name\">\n\t\t\t  <\/div>\n\t\t\t  <div class=\"opt-in-group\">\n\t\t\t  \t<input type=\"email\" value=\"\" required name=\"EMAIL\" class=\"required email opt-in__input\" id=\"mce-EMAIL\" placeholder=\"Email\">\n\t\t\t  <\/div>\n\t\t\t  <input type=\"submit\" value=\"Submit\" name=\"subscribe\" id=\"mc-embedded-subscribe\" class=\"button opt-in__button qbutton qbutton-purple\">\n\t\t\t<\/div>\n\n\t\t\t<div id=\"mce-responses\" class=\"clear\">\n\t\t\t\t<div class=\"response\" id=\"mce-error-response\" style=\"display:none\"><\/div>\n\t\t\t\t<div class=\"response\" id=\"mce-success-response\" style=\"display:none\"><\/div>\n\t\t\t<\/div>\n\n\t\t  <div style=\"position: absolute; left: -5000px;\" aria-hidden=\"true\"><input type=\"text\" name=\"b_771ba1b5b46a2356c8b63f245_3a25d9d214\" tabindex=\"-1\" value=\"\"><\/div>\n\t\t  <div class=\"clear\">\n\t\t  <\/div>\n\t    <\/div>\n\t<\/form>\n<\/div>\n\t[\/vc_column_text][\/vc_column][\/vc_row][vc_row full_width=&#8220;stretch_row_content_no_spaces&#8220;][vc_column][cms_empty_space values=&#8220;%5B%7B%22screen_size%22%3A%226000%22%2C%22height%22%3A%2250%22%7D%5D&#8220;][\/vc_column][\/vc_row][vc_row][vc_column][vc_column_text]<\/p>\n<p class=\"font_8\">AGBs<\/p>\n<p class=\"font_8\">a.\u00a0Diese allgemeinen Gesch\u00e4ftsbedingungen, nachfolgend \u201eAGB\u201c genannt, gelten f\u00fcr s\u00e4mtliche Leistungen im Rahmen der Seminare, Workshops, Referate und \u00e4hnliche Veranstaltungen, nachfolgend \u201eSeminare\u201c genannt, Gabriella Laszinger, Bergstr. 20, D 79787 Lauchringen.<\/p>\n<p class=\"font_8\">b.\u00a0Sie gelten als vereinbart mit Entgegennahme der Leistung bzw. des Angebots von Gabriella Laszinger Coaching&amp;Seminare durch den Kunden\/Teilnehmer. Wenn der Kunde\/Teilnehmer den AGB widersprechen will, ist dieses schriftlich binnen drei Werktagen zu erkl\u00e4ren. Abweichenden Gesch\u00e4ftsbedingungen des Kunden\/Teilnehmer wird hiermit widersprochen. Sie erhalten keine G\u00fcltigkeit, es sei denn, dass Gabriella Laszinger Coaching&amp;Seminare diese schriftlich anerkennt.<\/p>\n<p class=\"font_8\">c.\u00a0Soweit Vertr\u00e4ge oder Angebote von Gabriella Laszinger Coaching&amp;Seminare abweichende Bedingungen enthalten, gehen die individuell angebotenen oder vereinbarten Vertragsregeln diesen AGB vor.<\/p>\n<p class=\"font_8\">d.\u00a0Die AGB gelten im Rahmen einer laufenden Gesch\u00e4ftsbeziehung mit Kunden auch ohne ausdr\u00fcckliche Einbeziehung f\u00fcr alle zuk\u00fcnftigen Angebote und Leistungen Gabriella Laszinger Coaching&amp;Seminare.<\/p>\n<p class=\"font_8\">Anmeldebedingungen<\/p>\n<p class=\"font_8\">Die Seminaranmeldung erfolgt ausschlie\u00dflich in schriftlicher Form via Internet mit dem Online Formular oder handschriftlich ausgef\u00fclltem und unterschriebenem Anmeldetalon von Gabriella Laszinger Coaching&amp;Seminare oder per\u00a0Email und ist verbindlich. Mit dem Erhalt der schriftlichen Anmeldebest\u00e4tigung von Gabriella Laszinger Coaching&amp;Seminare, gilt der Vertrag als geschlossen. Da die Seminartermine resp. die Teilnehmerzahl begrenzt sind, werden die Anmeldungen in der Reihenfolge ihres Eingangs ber\u00fccksichtigt.<\/p>\n<p class=\"font_8\">Seminar-Wiederholung<\/p>\n<p class=\"font_8\">Sie haben die M\u00f6glichkeit Seminare, welche Sie bereits bei Gabriella Laszinger Coaching&amp;Seminare besucht haben, zum halben Preis zu wiederholen. Bitte denken Sie daran, dass wir Ihnen den etwaigen Preisnachlass nur gew\u00e4hren k\u00f6nnen, wenn Sie bei der Anmeldung explizit darauf hinweisen, dass Sie Wiederholer sind und es noch freie Pl\u00e4tze gibt. Legen Sie bei der Anmeldung bitte die Teilnahmebest\u00e4tigung \u00fcber den fr\u00fcheren Besuch des Seminars bei.<\/p>\n<p class=\"font_8\">Verantwortung<\/p>\n<p class=\"font_8\">Jede\/e Teilnehmer\/in tr\u00e4gt die volle Verantwortung f\u00fcr sich und ihre\/seine Handlungen inner- und au\u00dferhalb der Seminargruppe und kommt f\u00fcr verursachte Sch\u00e4den selbst auf. Wir weisen darauf hin, dass die Seminare kein Ersatz f\u00fcr medizinische und psychologische Behandlungen sind.<br \/>\nDie Teilnehmer verpflichten sich, k\u00f6rperliche oder psychische Erkrankungen, die ein Risiko f\u00fcr die Seminarteilnahme und dessen Ablauf bedeuten k\u00f6nnten, mit dem eigenen Arzt\/Therapeuten zu besprechen und die Seminarleitung im Vorfeld davon in Kenntnis zu setzen.<\/p>\n<p class=\"font_8\">Das Wissen, welches durch die Teilnahme vermittelt wird, sowie die Selbsterfahrung in unterschiedlicher, individueller Tiefe, geschieht freiwillig und auf eigene Verantwortung. Jede\/r Teilnehmer\/in entscheidet selbst, inwieweit er\/sie sich auf die Inhalte, Ereignisse, Prozesse und \u00dcbungen w\u00e4hrend der Veranstaltungen einl\u00e4sst.<\/p>\n<p class=\"font_8\">Gabriella Laszinger Coaching&amp;Seminare weist darauf hin, dass keinerlei Heilungsversprechen abgegeben und keine Haftung f\u00fcr die Ergebnisse und Ratschl\u00e4ge \u00fcbernommen werden k\u00f6nnen, die die Teilnehmer w\u00e4hrend einer Veranstaltung erhalten k\u00f6nnen. Die Verantwortung f\u00fcr Ihre Entscheidungen bleibt in jedem Fall bei Ihnen. Alle Versicherungen (Krankheit, Unfall, Haftpflicht, Annulation) sind Sachen des Teilnehmers.<\/p>\n<p class=\"font_8\">Die Seminarleitung kann Teilnehmer f\u00fcr die Fortsetzung eines Seminars ausschlie\u00dfen, wenn die weitere Teilnahme eine nicht zu verantwortende \u00dcberforderung dieser Person, anderer Gruppenmitglieder oder der Leitung bedeuten k\u00f6nnte. Ein Anspruch auf R\u00fcckzahlung der Seminargeb\u00fchren besteht in diesem Falle nicht.<\/p>\n<p class=\"font_8\">Minimale Teilnehmerzahl<\/p>\n<p class=\"font_8\">Seminare werden in der Regel erst ab 10 Teilnehmern durchgef\u00fchrt.<\/p>\n<p class=\"font_8\">Seminardurchf\u00fchrung<\/p>\n<p class=\"font_8\">Bei Ausfall eines Seminars durch Krankheit des Seminarleiters oder Referenten, bei zu geringer Teilnehmerzahl, sowie von Gabriella Laszinger Coaching&amp;Seminare nicht zu vertretenden Ausf\u00e4llen und h\u00f6herer Gewalt besteht kein Anspruch auf Durchf\u00fchrung. Nach M\u00f6glichkeit wird ein Alternativtermin angeboten. Bei Absage eines Seminars durch Gabriella Laszinger Coaching&amp;Seminare werden die geleisteten Zahlungen ohne Abzug zur\u00fcck erstattet. F\u00fcr Gegenst\u00e4nde, die in die Seminare mitgenommen werden oder f\u00fcr sonstige unmittelbare Sch\u00e4den und Kosten inklusive Verdienstausfall,<br \/>\nentgangenen Gewinn oder Anspr\u00fcche Dritter, Datenverlust, Reisekosten, Folge- und Verm\u00f6genssch\u00e4den jeder Art \u00fcbernimmt Gabriella Laszinger Coaching&amp;Seminare keinerlei Haftung.<\/p>\n<p class=\"font_8\">Seminarabmeldung<\/p>\n<p class=\"font_8\">Nach der Abmeldung bis 14 Tage vor Seminarbeginn erheben wir eine Bearbeitungsgeb\u00fchr von CHF 50.00. Bei Abmeldung bis 7 Tage vor Seminarbeginn wird die ganze Seminargeb\u00fchr f\u00e4llig. Kann eine Ersatzperson gefunden werden, ist der Seminarplatz nach Angabe des Namens und Anschrift \u00fcbertragbar. Bei unentschuldigtem Fernbleiben verf\u00e4llt die gesamte Seminargeb\u00fchr.<br \/>\nBei Krankheit besteht die M\u00f6glichkeit, gegen Vorlage eines \u00e4rztlichen Attestes das Seminar zu einem sp\u00e4teren Zeitpunkt innerhalb einer Jahresfrist\u00a0zu besuchen. Bei Ausstieg vor Ende des Seminars erfolgt keine R\u00fcckzahlung. Wir empfehlen, allenfalls eine Annullierungskostenversicherung in Betracht zu ziehen (z.B. bei Elvia\/Allianz).<\/p>\n<p class=\"font_8\">Seminarerfolg<\/p>\n<p class=\"font_8\">Der Unterricht und die \u00dcbungen in den Seminaren sind so gestaltet, dass ein aufmerksamer Teilnehmer die Seminarziele erreichen kann. F\u00fcr den Schulungserfolg haftet die Gabriella Laszinger Coaching&amp;Seminare nicht.<\/p>\n<p class=\"font_8\">Copyright Seminarunterlagen<\/p>\n<p class=\"font_8\">Alle Rechte, auch die der \u00dcbersetzung, des Nachdrucks und der Vervielf\u00e4ltigung s\u00e4mtlicher Seminarunterlagen oder von Teilen daraus, sind vorbehalten. Die Inhalte d\u00fcrfen \u2013 auch auszugsweise \u2013 ohne die schriftliche Genehmigung von Gabriella Laszinger Coaching&amp;Seminare, auch nicht f\u00fcr Zwecke der Unterrichtsgestaltung, reproduziert, insbesondere unter Verwendung elektronischer Systeme verarbeitet, vervielf\u00e4ltigt oder zu \u00f6ffentlichen Wiedergaben benutzt werden.<\/p>\n<p class=\"font_8\">Bild-\/Ton-\/Videomittschnitte<\/p>\n<p class=\"font_8\"><span class=\"wixGuard\">\u200b<\/span><\/p>\n<p class=\"font_8\">Jeglicher Mitschnitt und die Weitergabe in Form von Audio-, Bild- oder Videomaterial ist ausdr\u00fccklich untersagt. Der Auftraggeber haftet auch f\u00fcr Teilnehmer im Fall der Zuwiderhandlung im guten Glauben in Form des Schadenersatzes. Abweichende Regelungen bed\u00fcrfen der Schriftform.<\/p>\n<p class=\"font_8\"><span class=\"wixGuard\">\u200b<\/span><\/p>\n<p class=\"font_8\">Haftung<\/p>\n<p class=\"font_8\"><span class=\"wixGuard\">\u200b<\/span><\/p>\n<p class=\"font_8\">1) Anspr\u00fcche des Kunden auf Schadensersatz sind ausgeschlossen. Hiervon ausgenommen sind Schadensersatzanspr\u00fcche des Kunden aus der Verletzung des Lebens, des K\u00f6rpers, der Gesundheit oder aus der Verletzung wesentlicher Vertragspflichten (Kardinalpflichten) sowie die Haftung f\u00fcr sonstige Sch\u00e4den, die auf einer vors\u00e4tzlichen oder grob fahrl\u00e4ssigen Pflichtverletzung des Anbieters, seiner gesetzlichen Vertreter oder Erf\u00fcllungsgehilfen beruhen. Wesentliche Vertragspflichten sind solche, deren Erf\u00fcllung zur Erreichung des Ziels des Vertrags notwendig ist.<\/p>\n<p class=\"font_8\">(2) Bei der Verletzung wesentlicher Vertragspflichten haftet der Anbieter nur auf den vertragstypischen, vorhersehbaren Schaden, wenn dieser einfach fahrl\u00e4ssig verursacht wurde, es sei denn, es handelt sich um Schadensersatzanspr\u00fcche des Kunden aus einer Verletzung des Lebens, des K\u00f6rpers oder der Gesundheit.<\/p>\n<p class=\"font_8\">(3) Die Einschr\u00e4nkungen der Abs. 1 und 2 gelten auch zugunsten der gesetzlichen Vertreter und Erf\u00fcllungsgehilfen des Anbieters, wenn Anspr\u00fcche direkt gegen diese geltend gemacht werden.<\/p>\n<p class=\"font_8\">(4) Die sich aus Abs. 1 und 2 ergebenden Haftungsbeschr\u00e4nkungen gelten nicht, soweit der Anbieter den Mangel arglistig verschwiegen oder eine Garantie f\u00fcr die Beschaffenheit der Sache \u00fcbernommen hat. Das gleiche gilt, soweit der Anbieter und der Kunde eine Vereinbarung \u00fcber die Beschaffenheit der Sache getroffen haben. Die Vorschriften des Produkthaftungsgesetzes bleiben unber\u00fchrt.<\/p>\n<p class=\"font_8\"><span class=\"wixGuard\">\u200b<\/span><\/p>\n<p class=\"font_8\">Zahlungskonditionen<\/p>\n<p class=\"font_8\">Der Teilnehmer kann die Zahlung per Paypal, \u00dcberweisung oder Kreditkarte jeweils in Vorkasse vornehmen, sofern diese M\u00f6glichkeiten gesondert ausgewiesen sind.<\/p>\n<p class=\"font_8\">\u00a0(2) Der Teilnehmer kann die in seinem Nutzerkonto gespeicherte Zahlungsart jederzeit \u00e4ndern.<\/p>\n<p class=\"font_8\">(3) Kosten f\u00fcr Seminare m\u00fcssen sp\u00e4testens bis 2 Wochen vor Beginn des Seminars vollst\u00e4ndig beglichen sein. Sonderregelungen hierzu bed\u00fcrfen der Textform und sind seitens des Anbieters auszustellen.<\/p>\n<p class=\"font_8\"><span class=\"wixGuard\">\u200b<\/span><\/p>\n<p class=\"font_8\">Anwendbares Recht und Gerichtsstand<\/p>\n<p class=\"font_8\">Gerichtsstand ist D-Waldshut.<\/p>\n<p class=\"font_8\">Schlussbestimmungen<\/p>\n<p class=\"font_8\">Die Unwirksamkeit einer der vorstehenden Bedingungen ber\u00fchrt die Geltung der \u00fcbrigen Bestimmungen nicht. An die Stelle der unwirksamen Bestimmung tritt eine rechtlich zul\u00e4ssige und wirksame, welche geeignet ist, den mit der unwirksamen beabsichtigten Erfolg zu erreichen. Entsprechendes gilt f\u00fcr die Ausf\u00fcllung von L\u00fccken.<\/p>\n<p>[\/vc_column_text][\/vc_column][\/vc_row]<\/p>\n<\/div>","protected":false},"excerpt":{"rendered":"<p>[vc_row full_width=&#8220;stretch_row_content_no_spaces&#8220;][vc_column][vc_column_text][\/vc_column_text][\/vc_column][\/vc_row][vc_row full_width=&#8220;stretch_row_content_no_spaces&#8220;][vc_column][cms_empty_space values=&#8220;%5B%7B%22screen_size%22%3A%226000%22%2C%22height%22%3A%2250%22%7D%5D&#8220;][\/vc_column][\/vc_row][vc_row][vc_column][vc_column_text] AGBs a.\u00a0Diese allgemeinen Gesch\u00e4ftsbedingungen, nachfolgend \u201eAGB\u201c genannt, gelten f\u00fcr s\u00e4mtliche Leistungen im Rahmen der Seminare, Workshops, Referate und \u00e4hnliche Veranstaltungen, nachfolgend \u201eSeminare\u201c genannt, Gabriella Laszinger, Bergstr. 20, D 79787 Lauchringen. b.\u00a0Sie gelten als vereinbart mit Entgegennahme der Leistung bzw. des Angebots von Gabriella Laszinger Coaching&amp;Seminare durch den Kunden\/Teilnehmer. Wenn der Kunde\/Teilnehmer [&hellip;]<\/p>\n","protected":false},"author":4,"featured_media":0,"parent":0,"menu_order":0,"comment_status":"closed","ping_status":"closed","template":"","meta":{"footnotes":""},"class_list":["post-4686","page","type-page","status-publish","hentry","clearfix"],"_links":{"self":[{"href":"https:\/\/gabilaszinger.com\/de\/wp-json\/wp\/v2\/pages\/4686","targetHints":{"allow":["GET"]}}],"collection":[{"href":"https:\/\/gabilaszinger.com\/de\/wp-json\/wp\/v2\/pages"}],"about":[{"href":"https:\/\/gabilaszinger.com\/de\/wp-json\/wp\/v2\/types\/page"}],"author":[{"embeddable":true,"href":"https:\/\/gabilaszinger.com\/de\/wp-json\/wp\/v2\/users\/4"}],"replies":[{"embeddable":true,"href":"https:\/\/gabilaszinger.com\/de\/wp-json\/wp\/v2\/comments?post=4686"}],"version-history":[{"count":3,"href":"https:\/\/gabilaszinger.com\/de\/wp-json\/wp\/v2\/pages\/4686\/revisions"}],"predecessor-version":[{"id":4717,"href":"https:\/\/gabilaszinger.com\/de\/wp-json\/wp\/v2\/pages\/4686\/revisions\/4717"}],"wp:attachment":[{"href":"https:\/\/gabilaszinger.com\/de\/wp-json\/wp\/v2\/media?parent=4686"}],"curies":[{"name":"wp","href":"https:\/\/api.w.org\/{rel}","templated":true}]}}